{"id":6529,"date":"2022-10-21T11:11:40","date_gmt":"2022-10-21T11:11:40","guid":{"rendered":"https:\/\/www.ealloora.com\/?page_id=6529"},"modified":"2022-11-11T09:21:04","modified_gmt":"2022-11-11T09:21:04","slug":"volt","status":"publish","type":"page","link":"https:\/\/www.ealloora.com\/es\/support\/volt\/","title":{"rendered":"SOPORTE VOLT"},"content":{"rendered":"\t\t<div data-elementor-type=\"wp-page\" data-elementor-id=\"6529\" class=\"elementor elementor-6529 elementor-6528\">\n\t\t\t\t\t\t<section class=\"elementor-section elementor-top-section elementor-element elementor-element-604d953 elementor-section-boxed elementor-section-height-default elementor-section-height-default\" data-id=\"604d953\" data-element_type=\"section\" data-e-type=\"section\">\n\t\t\t\t\t\t<div class=\"elementor-container elementor-column-gap-default\">\n\t\t\t\t\t<div class=\"elementor-column elementor-col-100 elementor-top-column elementor-element elementor-element-a24749a\" data-id=\"a24749a\" data-element_type=\"column\" data-e-type=\"column\">\n\t\t\t<div class=\"elementor-widget-wrap elementor-element-populated\">\n\t\t\t\t\t\t<div class=\"elementor-element elementor-element-a3a27b9 elementor-widget elementor-widget-image\" data-id=\"a3a27b9\" data-element_type=\"widget\" data-e-type=\"widget\" data-widget_type=\"image.default\">\n\t\t\t\t<div class=\"elementor-widget-container\">\n\t\t\t\t\t\t\t\t\t\t\t\t\t\t\t<img decoding=\"async\" src=\"https:\/\/www.ealloora.com\/wp-content\/uploads\/2022\/10\/logo-volt-ealloora.png\" title=\"\" alt=\"logo volt ealloora\" loading=\"lazy\" \/>\t\t\t\t\t\t\t\t\t\t\t\t\t\t\t<\/div>\n\t\t\t\t<\/div>\n\t\t\t\t<div class=\"elementor-element elementor-element-e7af118 elementor-widget-divider--view-line elementor-invisible elementor-widget elementor-widget-divider\" data-id=\"e7af118\" data-element_type=\"widget\" data-e-type=\"widget\" data-settings=\"{&quot;_animation&quot;:&quot;zoomIn&quot;}\" data-widget_type=\"divider.default\">\n\t\t\t\t<div class=\"elementor-widget-container\">\n\t\t\t\t\t\t\t<div class=\"elementor-divider\">\n\t\t\t<span class=\"elementor-divider-separator\">\n\t\t\t\t\t\t<\/span>\n\t\t<\/div>\n\t\t\t\t\t\t<\/div>\n\t\t\t\t<\/div>\n\t\t\t\t<section class=\"elementor-section elementor-inner-section elementor-element elementor-element-47966e0 elementor-reverse-mobile elementor-section-boxed elementor-section-height-default elementor-section-height-default\" data-id=\"47966e0\" data-element_type=\"section\" data-e-type=\"section\">\n\t\t\t\t\t\t<div class=\"elementor-container elementor-column-gap-default\">\n\t\t\t\t\t<div class=\"elementor-column elementor-col-50 elementor-inner-column elementor-element elementor-element-7f8e1bb elementor-invisible\" data-id=\"7f8e1bb\" data-element_type=\"column\" data-e-type=\"column\" data-settings=\"{&quot;animation&quot;:&quot;fadeInLeft&quot;}\">\n\t\t\t<div class=\"elementor-widget-wrap elementor-element-populated\">\n\t\t\t\t\t\t<div class=\"elementor-element elementor-element-2fa7922 elementor-widget elementor-widget-heading\" data-id=\"2fa7922\" data-element_type=\"widget\" data-e-type=\"widget\" data-widget_type=\"heading.default\">\n\t\t\t\t<div class=\"elementor-widget-container\">\n\t\t\t\t\t<h2 class=\"elementor-heading-title elementor-size-default\">Caracter\u00edsticas t\u00e9cnicas<\/h2>\t\t\t\t<\/div>\n\t\t\t\t<\/div>\n\t\t\t\t<div class=\"elementor-element elementor-element-8a977fb elementor-align-start elementor-icon-list--layout-traditional elementor-list-item-link-full_width elementor-widget elementor-widget-icon-list\" data-id=\"8a977fb\" data-element_type=\"widget\" data-e-type=\"widget\" data-widget_type=\"icon-list.default\">\n\t\t\t\t<div class=\"elementor-widget-container\">\n\t\t\t\t\t\t\t<ul class=\"elementor-icon-list-items\">\n\t\t\t\t\t\t\t<li class=\"elementor-icon-list-item\">\n\t\t\t\t\t\t\t\t\t\t\t<a href=\"https:\/\/www.ealloora.com\/wp-content\/uploads\/2022\/10\/Datasheet-VOLT-EN-1.3-2021.pdf\">\n\n\t\t\t\t\t\t\t\t\t\t\t\t<span class=\"elementor-icon-list-icon\">\n\t\t\t\t\t\t\t<i aria-hidden=\"true\" class=\"fas fa-check\"><\/i>\t\t\t\t\t\t<\/span>\n\t\t\t\t\t\t\t\t\t\t<span class=\"elementor-icon-list-text\">Technical features - EN<\/span>\n\t\t\t\t\t\t\t\t\t\t\t<\/a>\n\t\t\t\t\t\t\t\t\t<\/li>\n\t\t\t\t\t\t\t\t<li class=\"elementor-icon-list-item\">\n\t\t\t\t\t\t\t\t\t\t\t<a href=\"https:\/\/www.ealloora.com\/wp-content\/uploads\/2022\/10\/Datasheet-VOLT-IT-1.3-2021.pdf\">\n\n\t\t\t\t\t\t\t\t\t\t\t\t<span class=\"elementor-icon-list-icon\">\n\t\t\t\t\t\t\t<i aria-hidden=\"true\" class=\"fas fa-check\"><\/i>\t\t\t\t\t\t<\/span>\n\t\t\t\t\t\t\t\t\t\t<span class=\"elementor-icon-list-text\">Caratteristiche tecniche - IT<\/span>\n\t\t\t\t\t\t\t\t\t\t\t<\/a>\n\t\t\t\t\t\t\t\t\t<\/li>\n\t\t\t\t\t\t\t\t<li class=\"elementor-icon-list-item\">\n\t\t\t\t\t\t\t\t\t\t\t<a href=\"https:\/\/www.ealloora.com\/wp-content\/uploads\/2022\/10\/Datasheet-VOLT-ES-1.3-2021.pdf\">\n\n\t\t\t\t\t\t\t\t\t\t\t\t<span class=\"elementor-icon-list-icon\">\n\t\t\t\t\t\t\t<i aria-hidden=\"true\" class=\"fas fa-check\"><\/i>\t\t\t\t\t\t<\/span>\n\t\t\t\t\t\t\t\t\t\t<span class=\"elementor-icon-list-text\">Caracter\u00edsticas t\u00e9cnicas - ES<\/span>\n\t\t\t\t\t\t\t\t\t\t\t<\/a>\n\t\t\t\t\t\t\t\t\t<\/li>\n\t\t\t\t\t\t<\/ul>\n\t\t\t\t\t\t<\/div>\n\t\t\t\t<\/div>\n\t\t\t\t<div class=\"elementor-element elementor-element-0e493d5 elementor-widget elementor-widget-heading\" data-id=\"0e493d5\" data-element_type=\"widget\" data-e-type=\"widget\" data-widget_type=\"heading.default\">\n\t\t\t\t<div class=\"elementor-widget-container\">\n\t\t\t\t\t<h2 class=\"elementor-heading-title elementor-size-default\">Quick Start Guide<\/h2>\t\t\t\t<\/div>\n\t\t\t\t<\/div>\n\t\t\t\t<div class=\"elementor-element elementor-element-d38658a elementor-align-start elementor-icon-list--layout-traditional elementor-list-item-link-full_width elementor-widget elementor-widget-icon-list\" data-id=\"d38658a\" data-element_type=\"widget\" data-e-type=\"widget\" data-widget_type=\"icon-list.default\">\n\t\t\t\t<div class=\"elementor-widget-container\">\n\t\t\t\t\t\t\t<ul class=\"elementor-icon-list-items\">\n\t\t\t\t\t\t\t<li class=\"elementor-icon-list-item\">\n\t\t\t\t\t\t\t\t\t\t\t<a href=\"https:\/\/www.ealloora.com\/wp-content\/uploads\/2022\/10\/QSG-VOLT-Multi-1.0-2022.pdf\">\n\n\t\t\t\t\t\t\t\t\t\t\t\t<span class=\"elementor-icon-list-icon\">\n\t\t\t\t\t\t\t<i aria-hidden=\"true\" class=\"fas fa-check\"><\/i>\t\t\t\t\t\t<\/span>\n\t\t\t\t\t\t\t\t\t\t<span class=\"elementor-icon-list-text\">Quick start guide - EN, ES, FR, IT<\/span>\n\t\t\t\t\t\t\t\t\t\t\t<\/a>\n\t\t\t\t\t\t\t\t\t<\/li>\n\t\t\t\t\t\t\t\t<li class=\"elementor-icon-list-item\">\n\t\t\t\t\t\t\t\t\t\t\t<a href=\"https:\/\/www.ealloora.com\/wp-content\/uploads\/2022\/10\/QSG-VOLT-EN-FI-SV-2021.pdf\">\n\n\t\t\t\t\t\t\t\t\t\t\t\t<span class=\"elementor-icon-list-icon\">\n\t\t\t\t\t\t\t<i aria-hidden=\"true\" class=\"fas fa-check\"><\/i>\t\t\t\t\t\t<\/span>\n\t\t\t\t\t\t\t\t\t\t<span class=\"elementor-icon-list-text\">Quick start guide - EN, FI, SV<\/span>\n\t\t\t\t\t\t\t\t\t\t\t<\/a>\n\t\t\t\t\t\t\t\t\t<\/li>\n\t\t\t\t\t\t<\/ul>\n\t\t\t\t\t\t<\/div>\n\t\t\t\t<\/div>\n\t\t\t\t<div class=\"elementor-element elementor-element-8d9290a elementor-widget elementor-widget-heading\" data-id=\"8d9290a\" data-element_type=\"widget\" data-e-type=\"widget\" data-widget_type=\"heading.default\">\n\t\t\t\t<div class=\"elementor-widget-container\">\n\t\t\t\t\t<h2 class=\"elementor-heading-title elementor-size-default\">Manual de uso y mantenimiento\n<\/h2>\t\t\t\t<\/div>\n\t\t\t\t<\/div>\n\t\t\t\t<div class=\"elementor-element elementor-element-f11f7f5 elementor-align-start elementor-icon-list--layout-traditional elementor-list-item-link-full_width elementor-widget elementor-widget-icon-list\" data-id=\"f11f7f5\" data-element_type=\"widget\" data-e-type=\"widget\" data-widget_type=\"icon-list.default\">\n\t\t\t\t<div class=\"elementor-widget-container\">\n\t\t\t\t\t\t\t<ul class=\"elementor-icon-list-items\">\n\t\t\t\t\t\t\t<li class=\"elementor-icon-list-item\">\n\t\t\t\t\t\t\t\t\t\t\t<a href=\"https:\/\/www.ealloora.com\/wp-content\/uploads\/2022\/10\/Base-manuale-VOLT-1.5-2019.pdf\">\n\n\t\t\t\t\t\t\t\t\t\t\t\t<span class=\"elementor-icon-list-icon\">\n\t\t\t\t\t\t\t<i aria-hidden=\"true\" class=\"fas fa-check\"><\/i>\t\t\t\t\t\t<\/span>\n\t\t\t\t\t\t\t\t\t\t<span class=\"elementor-icon-list-text\">Manuale d' uso e di manutenzione - IT<\/span>\n\t\t\t\t\t\t\t\t\t\t\t<\/a>\n\t\t\t\t\t\t\t\t\t<\/li>\n\t\t\t\t\t\t<\/ul>\n\t\t\t\t\t\t<\/div>\n\t\t\t\t<\/div>\n\t\t\t\t<div class=\"elementor-element elementor-element-3245dc9 elementor-widget elementor-widget-heading\" data-id=\"3245dc9\" data-element_type=\"widget\" data-e-type=\"widget\" data-widget_type=\"heading.default\">\n\t\t\t\t<div class=\"elementor-widget-container\">\n\t\t\t\t\t<h2 class=\"elementor-heading-title elementor-size-default\">Ficha comercial<\/h2>\t\t\t\t<\/div>\n\t\t\t\t<\/div>\n\t\t\t\t<div class=\"elementor-element elementor-element-c519b40 elementor-align-start elementor-icon-list--layout-traditional elementor-list-item-link-full_width elementor-widget elementor-widget-icon-list\" data-id=\"c519b40\" data-element_type=\"widget\" data-e-type=\"widget\" data-widget_type=\"icon-list.default\">\n\t\t\t\t<div class=\"elementor-widget-container\">\n\t\t\t\t\t\t\t<ul class=\"elementor-icon-list-items\">\n\t\t\t\t\t\t\t<li class=\"elementor-icon-list-item\">\n\t\t\t\t\t\t\t\t\t\t\t<a href=\"https:\/\/www.ealloora.com\/wp-content\/uploads\/2022\/10\/Ficha-Comercial-Volt-v.1.0-2022.pdf\">\n\n\t\t\t\t\t\t\t\t\t\t\t\t<span class=\"elementor-icon-list-icon\">\n\t\t\t\t\t\t\t<i aria-hidden=\"true\" class=\"fas fa-check\"><\/i>\t\t\t\t\t\t<\/span>\n\t\t\t\t\t\t\t\t\t\t<span class=\"elementor-icon-list-text\">Ficha Comercial - ES<\/span>\n\t\t\t\t\t\t\t\t\t\t\t<\/a>\n\t\t\t\t\t\t\t\t\t<\/li>\n\t\t\t\t\t\t<\/ul>\n\t\t\t\t\t\t<\/div>\n\t\t\t\t<\/div>\n\t\t\t\t\t<\/div>\n\t\t<\/div>\n\t\t\t\t<div class=\"elementor-column elementor-col-50 elementor-inner-column elementor-element elementor-element-402a1d6 elementor-invisible\" data-id=\"402a1d6\" data-element_type=\"column\" data-e-type=\"column\" data-settings=\"{&quot;animation&quot;:&quot;fadeInRight&quot;}\">\n\t\t\t<div class=\"elementor-widget-wrap elementor-element-populated\">\n\t\t\t\t\t\t<div class=\"elementor-element elementor-element-d385eaa elementor-widget elementor-widget-image\" data-id=\"d385eaa\" data-element_type=\"widget\" data-e-type=\"widget\" data-widget_type=\"image.default\">\n\t\t\t\t<div class=\"elementor-widget-container\">\n\t\t\t\t\t\t\t\t\t\t\t\t\t\t\t<img fetchpriority=\"high\" decoding=\"async\" width=\"600\" height=\"600\" src=\"https:\/\/www.ealloora.com\/wp-content\/uploads\/2022\/01\/volt-ealloora-copia.png\" class=\"attachment-large size-large wp-image-4432\" alt=\"Detector de corte de corriente VOLT by ealloora\" srcset=\"https:\/\/www.ealloora.com\/wp-content\/uploads\/2022\/01\/volt-ealloora-copia.png 600w, https:\/\/www.ealloora.com\/wp-content\/uploads\/2022\/01\/volt-ealloora-copia-300x300.png 300w, https:\/\/www.ealloora.com\/wp-content\/uploads\/2022\/01\/volt-ealloora-copia-150x150.png 150w, https:\/\/www.ealloora.com\/wp-content\/uploads\/2022\/01\/volt-ealloora-copia-146x146.png 146w, https:\/\/www.ealloora.com\/wp-content\/uploads\/2022\/01\/volt-ealloora-copia-50x50.png 50w, https:\/\/www.ealloora.com\/wp-content\/uploads\/2022\/01\/volt-ealloora-copia-75x75.png 75w, https:\/\/www.ealloora.com\/wp-content\/uploads\/2022\/01\/volt-ealloora-copia-85x85.png 85w, https:\/\/www.ealloora.com\/wp-content\/uploads\/2022\/01\/volt-ealloora-copia-80x80.png 80w\" sizes=\"(max-width:767px) 600px, 600px\" \/>\t\t\t\t\t\t\t\t\t\t\t\t\t\t\t<\/div>\n\t\t\t\t<\/div>\n\t\t\t\t<div class=\"elementor-element elementor-element-adce847 elementor-align-center elementor-invisible elementor-widget elementor-widget-button\" data-id=\"adce847\" data-element_type=\"widget\" data-e-type=\"widget\" data-settings=\"{&quot;_animation&quot;:&quot;flash&quot;}\" data-widget_type=\"button.default\">\n\t\t\t\t<div class=\"elementor-widget-container\">\n\t\t\t\t\t\t\t\t\t<div class=\"elementor-button-wrapper\">\n\t\t\t\t\t<a class=\"elementor-button elementor-button-link elementor-size-md elementor-animation-grow\" href=\"https:\/\/www.marketpinegrove.com\/es\/producto\/volt-detector-de-corriente\/\" target=\"_blank\">\n\t\t\t\t\t\t<span class=\"elementor-button-content-wrapper\">\n\t\t\t\t\t\t\t\t\t<span class=\"elementor-button-text\">\u00a1COMPRAR AHORA!<\/span>\n\t\t\t\t\t<\/span>\n\t\t\t\t\t<\/a>\n\t\t\t\t<\/div>\n\t\t\t\t\t\t\t\t<\/div>\n\t\t\t\t<\/div>\n\t\t\t\t<div class=\"elementor-element elementor-element-b5d80d9 elementor-hidden-desktop elementor-hidden-tablet elementor-widget-divider--view-line elementor-invisible elementor-widget elementor-widget-divider\" data-id=\"b5d80d9\" data-element_type=\"widget\" data-e-type=\"widget\" data-settings=\"{&quot;_animation&quot;:&quot;zoomIn&quot;}\" data-widget_type=\"divider.default\">\n\t\t\t\t<div class=\"elementor-widget-container\">\n\t\t\t\t\t\t\t<div class=\"elementor-divider\">\n\t\t\t<span class=\"elementor-divider-separator\">\n\t\t\t\t\t\t<\/span>\n\t\t<\/div>\n\t\t\t\t\t\t<\/div>\n\t\t\t\t<\/div>\n\t\t\t\t\t<\/div>\n\t\t<\/div>\n\t\t\t\t\t<\/div>\n\t\t<\/section>\n\t\t\t\t<div class=\"elementor-element elementor-element-133e4b7 elementor-align-center elementor-invisible elementor-widget elementor-widget-button\" data-id=\"133e4b7\" data-element_type=\"widget\" data-e-type=\"widget\" data-settings=\"{&quot;_animation&quot;:&quot;flash&quot;}\" data-widget_type=\"button.default\">\n\t\t\t\t<div class=\"elementor-widget-container\">\n\t\t\t\t\t\t\t\t\t<div class=\"elementor-button-wrapper\">\n\t\t\t\t\t<a class=\"elementor-button elementor-button-link elementor-size-md elementor-animation-grow\" href=\"https:\/\/www.ealloora.com\/es\/support\/\">\n\t\t\t\t\t\t<span class=\"elementor-button-content-wrapper\">\n\t\t\t\t\t\t<span class=\"elementor-button-icon\">\n\t\t\t\t<i aria-hidden=\"true\" class=\"fas fa-arrow-left\"><\/i>\t\t\t<\/span>\n\t\t\t\t\t\t\t\t\t<span class=\"elementor-button-text\">VOLVER ATR\u00c1S<\/span>\n\t\t\t\t\t<\/span>\n\t\t\t\t\t<\/a>\n\t\t\t\t<\/div>\n\t\t\t\t\t\t\t\t<\/div>\n\t\t\t\t<\/div>\n\t\t\t\t<div class=\"elementor-element elementor-element-634f648 elementor-widget-divider--view-line elementor-invisible elementor-widget elementor-widget-divider\" data-id=\"634f648\" data-element_type=\"widget\" data-e-type=\"widget\" data-settings=\"{&quot;_animation&quot;:&quot;zoomIn&quot;}\" data-widget_type=\"divider.default\">\n\t\t\t\t<div class=\"elementor-widget-container\">\n\t\t\t\t\t\t\t<div class=\"elementor-divider\">\n\t\t\t<span class=\"elementor-divider-separator\">\n\t\t\t\t\t\t<\/span>\n\t\t<\/div>\n\t\t\t\t\t\t<\/div>\n\t\t\t\t<\/div>\n\t\t\t\t\t<\/div>\n\t\t<\/div>\n\t\t\t\t\t<\/div>\n\t\t<\/section>\n\t\t\t\t<\/div>\n\t\t","protected":false},"excerpt":{"rendered":"<p>Caracter\u00edsticas t\u00e9cnicas Technical features &#8211; EN Caratteristiche tecniche &#8211; IT Caracter\u00edsticas t\u00e9cnicas &#8211; ES Quick Start Guide Quick start guide &#8211; EN, ES, FR, IT Quick<span class=\"excerpt-hellip\"> [\u2026]<\/span><\/p>\n","protected":false},"author":1,"featured_media":4432,"parent":6427,"menu_order":0,"comment_status":"closed","ping_status":"closed","template":"","meta":{"footnotes":""},"class_list":["post-6529","page","type-page","status-publish","has-post-thumbnail","hentry"],"yoast_head":"<!-- This site is optimized with the Yoast SEO plugin v27.4 - https:\/\/yoast.com\/product\/yoast-seo-wordpress\/ -->\n<title>Documentaci\u00f3n &quot;VOLT&quot; - EALLOORA<\/title>\n<meta name=\"description\" content=\"Documentaci\u00f3n del detector de corte de corriente &quot;VOLT&quot;. Sin necesidad de instalaci\u00f3n gracias a la conectividad Sigfox IoT.\" \/>\n<meta name=\"robots\" content=\"index, follow, max-snippet:-1, max-image-preview:large, max-video-preview:-1\" \/>\n<link rel=\"canonical\" href=\"https:\/\/www.ealloora.com\/es\/support\/volt\/\" \/>\n<meta property=\"og:locale\" content=\"es_ES\" \/>\n<meta property=\"og:type\" content=\"article\" \/>\n<meta property=\"og:title\" content=\"Documentaci\u00f3n &quot;VOLT&quot; - EALLOORA\" \/>\n<meta property=\"og:description\" content=\"Documentaci\u00f3n del detector de corte de corriente &quot;VOLT&quot;. Sin necesidad de instalaci\u00f3n gracias a la conectividad Sigfox IoT.\" \/>\n<meta property=\"og:url\" content=\"https:\/\/www.ealloora.com\/es\/support\/volt\/\" \/>\n<meta property=\"og:site_name\" content=\"EALLOORA\" \/>\n<meta property=\"article:modified_time\" content=\"2022-11-11T09:21:04+00:00\" \/>\n<meta property=\"og:image\" content=\"https:\/\/www.ealloora.com\/wp-content\/uploads\/2022\/01\/volt-ealloora-copia.png\" \/>\n\t<meta property=\"og:image:width\" content=\"600\" \/>\n\t<meta property=\"og:image:height\" content=\"600\" \/>\n\t<meta property=\"og:image:type\" content=\"image\/png\" \/>\n<meta name=\"twitter:card\" content=\"summary_large_image\" \/>\n<meta name=\"twitter:label1\" content=\"Tiempo de lectura\" \/>\n\t<meta name=\"twitter:data1\" content=\"1 minuto\" \/>\n<script type=\"application\/ld+json\" class=\"yoast-schema-graph\">{\"@context\":\"https:\\\/\\\/schema.org\",\"@graph\":[{\"@type\":\"WebPage\",\"@id\":\"https:\\\/\\\/www.ealloora.com\\\/es\\\/support\\\/volt\\\/\",\"url\":\"https:\\\/\\\/www.ealloora.com\\\/es\\\/support\\\/volt\\\/\",\"name\":\"Documentaci\u00f3n \\\"VOLT\\\" - EALLOORA\",\"isPartOf\":{\"@id\":\"https:\\\/\\\/www.ealloora.com\\\/#website\"},\"primaryImageOfPage\":{\"@id\":\"https:\\\/\\\/www.ealloora.com\\\/es\\\/support\\\/volt\\\/#primaryimage\"},\"image\":{\"@id\":\"https:\\\/\\\/www.ealloora.com\\\/es\\\/support\\\/volt\\\/#primaryimage\"},\"thumbnailUrl\":\"https:\\\/\\\/www.ealloora.com\\\/wp-content\\\/uploads\\\/2022\\\/01\\\/volt-ealloora-copia.png\",\"datePublished\":\"2022-10-21T11:11:40+00:00\",\"dateModified\":\"2022-11-11T09:21:04+00:00\",\"description\":\"Documentaci\u00f3n del detector de corte de corriente \\\"VOLT\\\". Sin necesidad de instalaci\u00f3n gracias a la conectividad Sigfox IoT.\",\"breadcrumb\":{\"@id\":\"https:\\\/\\\/www.ealloora.com\\\/es\\\/support\\\/volt\\\/#breadcrumb\"},\"inLanguage\":\"es\",\"potentialAction\":[{\"@type\":\"ReadAction\",\"target\":[\"https:\\\/\\\/www.ealloora.com\\\/es\\\/support\\\/volt\\\/\"]}]},{\"@type\":\"ImageObject\",\"inLanguage\":\"es\",\"@id\":\"https:\\\/\\\/www.ealloora.com\\\/es\\\/support\\\/volt\\\/#primaryimage\",\"url\":\"https:\\\/\\\/www.ealloora.com\\\/wp-content\\\/uploads\\\/2022\\\/01\\\/volt-ealloora-copia.png\",\"contentUrl\":\"https:\\\/\\\/www.ealloora.com\\\/wp-content\\\/uploads\\\/2022\\\/01\\\/volt-ealloora-copia.png\",\"width\":600,\"height\":600,\"caption\":\"Detector de corte de corriente VOLT by ealloora\"},{\"@type\":\"BreadcrumbList\",\"@id\":\"https:\\\/\\\/www.ealloora.com\\\/es\\\/support\\\/volt\\\/#breadcrumb\",\"itemListElement\":[{\"@type\":\"ListItem\",\"position\":1,\"name\":\"Home\",\"item\":\"https:\\\/\\\/www.ealloora.com\\\/es\\\/home-7-sensors\\\/\"},{\"@type\":\"ListItem\",\"position\":2,\"name\":\"SOPORTE\",\"item\":\"https:\\\/\\\/www.ealloora.com\\\/es\\\/support\\\/\"},{\"@type\":\"ListItem\",\"position\":3,\"name\":\"SOPORTE VOLT\"}]},{\"@type\":\"WebSite\",\"@id\":\"https:\\\/\\\/www.ealloora.com\\\/#website\",\"url\":\"https:\\\/\\\/www.ealloora.com\\\/\",\"name\":\"EALLOORA\",\"description\":\"Soluzioni IoT semplice per la vita reale\",\"publisher\":{\"@id\":\"https:\\\/\\\/www.ealloora.com\\\/#organization\"},\"potentialAction\":[{\"@type\":\"SearchAction\",\"target\":{\"@type\":\"EntryPoint\",\"urlTemplate\":\"https:\\\/\\\/www.ealloora.com\\\/?s={search_term_string}\"},\"query-input\":{\"@type\":\"PropertyValueSpecification\",\"valueRequired\":true,\"valueName\":\"search_term_string\"}}],\"inLanguage\":\"es\"},{\"@type\":\"Organization\",\"@id\":\"https:\\\/\\\/www.ealloora.com\\\/#organization\",\"name\":\"Ealloora\",\"url\":\"https:\\\/\\\/www.ealloora.com\\\/\",\"logo\":{\"@type\":\"ImageObject\",\"inLanguage\":\"es\",\"@id\":\"https:\\\/\\\/www.ealloora.com\\\/#\\\/schema\\\/logo\\\/image\\\/\",\"url\":\"https:\\\/\\\/www.ealloora.com\\\/wp-content\\\/uploads\\\/2019\\\/01\\\/ealloora.png\",\"contentUrl\":\"https:\\\/\\\/www.ealloora.com\\\/wp-content\\\/uploads\\\/2019\\\/01\\\/ealloora.png\",\"width\":759,\"height\":230,\"caption\":\"Ealloora\"},\"image\":{\"@id\":\"https:\\\/\\\/www.ealloora.com\\\/#\\\/schema\\\/logo\\\/image\\\/\"}}]}<\/script>\n<!-- \/ Yoast SEO plugin. -->","yoast_head_json":{"title":"Documentaci\u00f3n \"VOLT\" - EALLOORA","description":"Documentaci\u00f3n del detector de corte de corriente \"VOLT\". Sin necesidad de instalaci\u00f3n gracias a la conectividad Sigfox IoT.","robots":{"index":"index","follow":"follow","max-snippet":"max-snippet:-1","max-image-preview":"max-image-preview:large","max-video-preview":"max-video-preview:-1"},"canonical":"https:\/\/www.ealloora.com\/es\/support\/volt\/","og_locale":"es_ES","og_type":"article","og_title":"Documentaci\u00f3n \"VOLT\" - EALLOORA","og_description":"Documentaci\u00f3n del detector de corte de corriente \"VOLT\". Sin necesidad de instalaci\u00f3n gracias a la conectividad Sigfox IoT.","og_url":"https:\/\/www.ealloora.com\/es\/support\/volt\/","og_site_name":"EALLOORA","article_modified_time":"2022-11-11T09:21:04+00:00","og_image":[{"width":600,"height":600,"url":"https:\/\/www.ealloora.com\/wp-content\/uploads\/2022\/01\/volt-ealloora-copia.png","type":"image\/png"}],"twitter_card":"summary_large_image","twitter_misc":{"Tiempo de lectura":"1 minuto"},"schema":{"@context":"https:\/\/schema.org","@graph":[{"@type":"WebPage","@id":"https:\/\/www.ealloora.com\/es\/support\/volt\/","url":"https:\/\/www.ealloora.com\/es\/support\/volt\/","name":"Documentaci\u00f3n \"VOLT\" - EALLOORA","isPartOf":{"@id":"https:\/\/www.ealloora.com\/#website"},"primaryImageOfPage":{"@id":"https:\/\/www.ealloora.com\/es\/support\/volt\/#primaryimage"},"image":{"@id":"https:\/\/www.ealloora.com\/es\/support\/volt\/#primaryimage"},"thumbnailUrl":"https:\/\/www.ealloora.com\/wp-content\/uploads\/2022\/01\/volt-ealloora-copia.png","datePublished":"2022-10-21T11:11:40+00:00","dateModified":"2022-11-11T09:21:04+00:00","description":"Documentaci\u00f3n del detector de corte de corriente \"VOLT\". Sin necesidad de instalaci\u00f3n gracias a la conectividad Sigfox IoT.","breadcrumb":{"@id":"https:\/\/www.ealloora.com\/es\/support\/volt\/#breadcrumb"},"inLanguage":"es","potentialAction":[{"@type":"ReadAction","target":["https:\/\/www.ealloora.com\/es\/support\/volt\/"]}]},{"@type":"ImageObject","inLanguage":"es","@id":"https:\/\/www.ealloora.com\/es\/support\/volt\/#primaryimage","url":"https:\/\/www.ealloora.com\/wp-content\/uploads\/2022\/01\/volt-ealloora-copia.png","contentUrl":"https:\/\/www.ealloora.com\/wp-content\/uploads\/2022\/01\/volt-ealloora-copia.png","width":600,"height":600,"caption":"Detector de corte de corriente VOLT by ealloora"},{"@type":"BreadcrumbList","@id":"https:\/\/www.ealloora.com\/es\/support\/volt\/#breadcrumb","itemListElement":[{"@type":"ListItem","position":1,"name":"Home","item":"https:\/\/www.ealloora.com\/es\/home-7-sensors\/"},{"@type":"ListItem","position":2,"name":"SOPORTE","item":"https:\/\/www.ealloora.com\/es\/support\/"},{"@type":"ListItem","position":3,"name":"SOPORTE VOLT"}]},{"@type":"WebSite","@id":"https:\/\/www.ealloora.com\/#website","url":"https:\/\/www.ealloora.com\/","name":"EALLOORA","description":"Soluzioni IoT semplice per la vita reale","publisher":{"@id":"https:\/\/www.ealloora.com\/#organization"},"potentialAction":[{"@type":"SearchAction","target":{"@type":"EntryPoint","urlTemplate":"https:\/\/www.ealloora.com\/?s={search_term_string}"},"query-input":{"@type":"PropertyValueSpecification","valueRequired":true,"valueName":"search_term_string"}}],"inLanguage":"es"},{"@type":"Organization","@id":"https:\/\/www.ealloora.com\/#organization","name":"Ealloora","url":"https:\/\/www.ealloora.com\/","logo":{"@type":"ImageObject","inLanguage":"es","@id":"https:\/\/www.ealloora.com\/#\/schema\/logo\/image\/","url":"https:\/\/www.ealloora.com\/wp-content\/uploads\/2019\/01\/ealloora.png","contentUrl":"https:\/\/www.ealloora.com\/wp-content\/uploads\/2019\/01\/ealloora.png","width":759,"height":230,"caption":"Ealloora"},"image":{"@id":"https:\/\/www.ealloora.com\/#\/schema\/logo\/image\/"}}]}},"_links":{"self":[{"href":"https:\/\/www.ealloora.com\/es\/wp-json\/wp\/v2\/pages\/6529","targetHints":{"allow":["GET"]}}],"collection":[{"href":"https:\/\/www.ealloora.com\/es\/wp-json\/wp\/v2\/pages"}],"about":[{"href":"https:\/\/www.ealloora.com\/es\/wp-json\/wp\/v2\/types\/page"}],"author":[{"embeddable":true,"href":"https:\/\/www.ealloora.com\/es\/wp-json\/wp\/v2\/users\/1"}],"replies":[{"embeddable":true,"href":"https:\/\/www.ealloora.com\/es\/wp-json\/wp\/v2\/comments?post=6529"}],"version-history":[{"count":11,"href":"https:\/\/www.ealloora.com\/es\/wp-json\/wp\/v2\/pages\/6529\/revisions"}],"predecessor-version":[{"id":8303,"href":"https:\/\/www.ealloora.com\/es\/wp-json\/wp\/v2\/pages\/6529\/revisions\/8303"}],"up":[{"embeddable":true,"href":"https:\/\/www.ealloora.com\/es\/wp-json\/wp\/v2\/pages\/6427"}],"wp:featuredmedia":[{"embeddable":true,"href":"https:\/\/www.ealloora.com\/es\/wp-json\/wp\/v2\/media\/4432"}],"wp:attachment":[{"href":"https:\/\/www.ealloora.com\/es\/wp-json\/wp\/v2\/media?parent=6529"}],"curies":[{"name":"wp","href":"https:\/\/api.w.org\/{rel}","templated":true}]}}