{"id":1462,"date":"2019-04-22T14:38:37","date_gmt":"2019-04-22T14:38:37","guid":{"rendered":"https:\/\/www.ealloora.com\/registrazione-pass\/"},"modified":"2022-10-11T11:23:58","modified_gmt":"2022-10-11T11:23:58","slug":"registrazione-pass","status":"publish","type":"page","link":"https:\/\/www.ealloora.com\/es\/registrazione-pass\/","title":{"rendered":"Pass registro"},"content":{"rendered":"\n<p><\/p>\n\n\n\n<p><\/p>\n\n\n\n<p><h1>Registro de usuario<\/h1>\r<br>Una vez adquirido el dispositivo, el usuario debe registrarse. Recibir\u00e1 un nombre de usuario y una contrase\u00f1a para acceder a la plataforma de gesti\u00f3n.\r<br>Para m\u00e1s informaci\u00f3n, descarga la Quick Start Guide  aqu\u00ed: \r<br><a class=\"button  button_size_2\" href=\"\"         title=\"\"><span class=\"button_label\">Button<\/span><\/a>\n<br>icon<br><br><p class=\"wpcf7-contact-form-not-found\"><strong>Error:<\/strong> Formulario de contacto no encontrado.<\/p><br>no-repeat;center top;;<br>auto<br><br><\/p>\n","protected":false},"excerpt":{"rendered":"<p>Registro de usuario Una vez adquirido el dispositivo, el usuario debe registrarse. Recibir\u00e1 un nombre de usuario y una contrase\u00f1a para acceder a la plataforma de<span class=\"excerpt-hellip\"> [\u2026]<\/span><\/p>\n","protected":false},"author":1,"featured_media":0,"parent":0,"menu_order":0,"comment_status":"closed","ping_status":"closed","template":"","meta":{"footnotes":""},"class_list":["post-1462","page","type-page","status-publish","hentry"],"yoast_head":"<!-- This site is optimized with the Yoast SEO plugin v27.4 - https:\/\/yoast.com\/product\/yoast-seo-wordpress\/ -->\n<title>Registro del dispositivo &quot;PASS&quot; - EALLOORA - Soluciones IoT<\/title>\n<meta name=\"description\" content=\"Registra tu dispositivo PASS para poder acceder a todas sus funcionalidades. Puedes adquirir m\u00e1s tarjetas en: www.marketpinegrove.com.\" \/>\n<meta name=\"robots\" content=\"index, follow, max-snippet:-1, max-image-preview:large, max-video-preview:-1\" \/>\n<link rel=\"canonical\" href=\"https:\/\/www.ealloora.com\/es\/registrazione-pass\/\" \/>\n<meta property=\"og:locale\" content=\"es_ES\" \/>\n<meta property=\"og:type\" content=\"article\" \/>\n<meta property=\"og:title\" content=\"Registro del dispositivo &quot;PASS&quot; - EALLOORA - Soluciones IoT\" \/>\n<meta property=\"og:description\" content=\"Registra tu dispositivo PASS para poder acceder a todas sus funcionalidades. Puedes adquirir m\u00e1s tarjetas en: www.marketpinegrove.com.\" \/>\n<meta property=\"og:url\" content=\"https:\/\/www.ealloora.com\/es\/registrazione-pass\/\" \/>\n<meta property=\"og:site_name\" content=\"EALLOORA\" \/>\n<meta property=\"article:modified_time\" content=\"2022-10-11T11:23:58+00:00\" \/>\n<meta name=\"twitter:card\" content=\"summary_large_image\" \/>\n<meta name=\"twitter:label1\" content=\"Tiempo de lectura\" \/>\n\t<meta name=\"twitter:data1\" content=\"1 minuto\" \/>\n<script type=\"application\/ld+json\" class=\"yoast-schema-graph\">{\"@context\":\"https:\\\/\\\/schema.org\",\"@graph\":[{\"@type\":\"WebPage\",\"@id\":\"https:\\\/\\\/www.ealloora.com\\\/es\\\/registrazione-pass\\\/\",\"url\":\"https:\\\/\\\/www.ealloora.com\\\/es\\\/registrazione-pass\\\/\",\"name\":\"Registro del dispositivo \\\"PASS\\\" - EALLOORA - Soluciones IoT\",\"isPartOf\":{\"@id\":\"https:\\\/\\\/www.ealloora.com\\\/#website\"},\"datePublished\":\"2019-04-22T14:38:37+00:00\",\"dateModified\":\"2022-10-11T11:23:58+00:00\",\"description\":\"Registra tu dispositivo PASS para poder acceder a todas sus funcionalidades. Puedes adquirir m\u00e1s tarjetas en: www.marketpinegrove.com.\",\"breadcrumb\":{\"@id\":\"https:\\\/\\\/www.ealloora.com\\\/es\\\/registrazione-pass\\\/#breadcrumb\"},\"inLanguage\":\"es\",\"potentialAction\":[{\"@type\":\"ReadAction\",\"target\":[\"https:\\\/\\\/www.ealloora.com\\\/es\\\/registrazione-pass\\\/\"]}]},{\"@type\":\"BreadcrumbList\",\"@id\":\"https:\\\/\\\/www.ealloora.com\\\/es\\\/registrazione-pass\\\/#breadcrumb\",\"itemListElement\":[{\"@type\":\"ListItem\",\"position\":1,\"name\":\"Home\",\"item\":\"https:\\\/\\\/www.ealloora.com\\\/es\\\/home-7-sensors\\\/\"},{\"@type\":\"ListItem\",\"position\":2,\"name\":\"Pass registro\"}]},{\"@type\":\"WebSite\",\"@id\":\"https:\\\/\\\/www.ealloora.com\\\/#website\",\"url\":\"https:\\\/\\\/www.ealloora.com\\\/\",\"name\":\"EALLOORA\",\"description\":\"Soluzioni IoT semplice per la vita reale\",\"publisher\":{\"@id\":\"https:\\\/\\\/www.ealloora.com\\\/#organization\"},\"potentialAction\":[{\"@type\":\"SearchAction\",\"target\":{\"@type\":\"EntryPoint\",\"urlTemplate\":\"https:\\\/\\\/www.ealloora.com\\\/?s={search_term_string}\"},\"query-input\":{\"@type\":\"PropertyValueSpecification\",\"valueRequired\":true,\"valueName\":\"search_term_string\"}}],\"inLanguage\":\"es\"},{\"@type\":\"Organization\",\"@id\":\"https:\\\/\\\/www.ealloora.com\\\/#organization\",\"name\":\"Ealloora\",\"url\":\"https:\\\/\\\/www.ealloora.com\\\/\",\"logo\":{\"@type\":\"ImageObject\",\"inLanguage\":\"es\",\"@id\":\"https:\\\/\\\/www.ealloora.com\\\/#\\\/schema\\\/logo\\\/image\\\/\",\"url\":\"https:\\\/\\\/www.ealloora.com\\\/wp-content\\\/uploads\\\/2019\\\/01\\\/ealloora.png\",\"contentUrl\":\"https:\\\/\\\/www.ealloora.com\\\/wp-content\\\/uploads\\\/2019\\\/01\\\/ealloora.png\",\"width\":759,\"height\":230,\"caption\":\"Ealloora\"},\"image\":{\"@id\":\"https:\\\/\\\/www.ealloora.com\\\/#\\\/schema\\\/logo\\\/image\\\/\"}}]}<\/script>\n<!-- \/ Yoast SEO plugin. -->","yoast_head_json":{"title":"Registro del dispositivo \"PASS\" - EALLOORA - Soluciones IoT","description":"Registra tu dispositivo PASS para poder acceder a todas sus funcionalidades. Puedes adquirir m\u00e1s tarjetas en: www.marketpinegrove.com.","robots":{"index":"index","follow":"follow","max-snippet":"max-snippet:-1","max-image-preview":"max-image-preview:large","max-video-preview":"max-video-preview:-1"},"canonical":"https:\/\/www.ealloora.com\/es\/registrazione-pass\/","og_locale":"es_ES","og_type":"article","og_title":"Registro del dispositivo \"PASS\" - EALLOORA - Soluciones IoT","og_description":"Registra tu dispositivo PASS para poder acceder a todas sus funcionalidades. Puedes adquirir m\u00e1s tarjetas en: www.marketpinegrove.com.","og_url":"https:\/\/www.ealloora.com\/es\/registrazione-pass\/","og_site_name":"EALLOORA","article_modified_time":"2022-10-11T11:23:58+00:00","twitter_card":"summary_large_image","twitter_misc":{"Tiempo de lectura":"1 minuto"},"schema":{"@context":"https:\/\/schema.org","@graph":[{"@type":"WebPage","@id":"https:\/\/www.ealloora.com\/es\/registrazione-pass\/","url":"https:\/\/www.ealloora.com\/es\/registrazione-pass\/","name":"Registro del dispositivo \"PASS\" - EALLOORA - Soluciones IoT","isPartOf":{"@id":"https:\/\/www.ealloora.com\/#website"},"datePublished":"2019-04-22T14:38:37+00:00","dateModified":"2022-10-11T11:23:58+00:00","description":"Registra tu dispositivo PASS para poder acceder a todas sus funcionalidades. Puedes adquirir m\u00e1s tarjetas en: www.marketpinegrove.com.","breadcrumb":{"@id":"https:\/\/www.ealloora.com\/es\/registrazione-pass\/#breadcrumb"},"inLanguage":"es","potentialAction":[{"@type":"ReadAction","target":["https:\/\/www.ealloora.com\/es\/registrazione-pass\/"]}]},{"@type":"BreadcrumbList","@id":"https:\/\/www.ealloora.com\/es\/registrazione-pass\/#breadcrumb","itemListElement":[{"@type":"ListItem","position":1,"name":"Home","item":"https:\/\/www.ealloora.com\/es\/home-7-sensors\/"},{"@type":"ListItem","position":2,"name":"Pass registro"}]},{"@type":"WebSite","@id":"https:\/\/www.ealloora.com\/#website","url":"https:\/\/www.ealloora.com\/","name":"EALLOORA","description":"Soluzioni IoT semplice per la vita reale","publisher":{"@id":"https:\/\/www.ealloora.com\/#organization"},"potentialAction":[{"@type":"SearchAction","target":{"@type":"EntryPoint","urlTemplate":"https:\/\/www.ealloora.com\/?s={search_term_string}"},"query-input":{"@type":"PropertyValueSpecification","valueRequired":true,"valueName":"search_term_string"}}],"inLanguage":"es"},{"@type":"Organization","@id":"https:\/\/www.ealloora.com\/#organization","name":"Ealloora","url":"https:\/\/www.ealloora.com\/","logo":{"@type":"ImageObject","inLanguage":"es","@id":"https:\/\/www.ealloora.com\/#\/schema\/logo\/image\/","url":"https:\/\/www.ealloora.com\/wp-content\/uploads\/2019\/01\/ealloora.png","contentUrl":"https:\/\/www.ealloora.com\/wp-content\/uploads\/2019\/01\/ealloora.png","width":759,"height":230,"caption":"Ealloora"},"image":{"@id":"https:\/\/www.ealloora.com\/#\/schema\/logo\/image\/"}}]}},"_links":{"self":[{"href":"https:\/\/www.ealloora.com\/es\/wp-json\/wp\/v2\/pages\/1462","targetHints":{"allow":["GET"]}}],"collection":[{"href":"https:\/\/www.ealloora.com\/es\/wp-json\/wp\/v2\/pages"}],"about":[{"href":"https:\/\/www.ealloora.com\/es\/wp-json\/wp\/v2\/types\/page"}],"author":[{"embeddable":true,"href":"https:\/\/www.ealloora.com\/es\/wp-json\/wp\/v2\/users\/1"}],"replies":[{"embeddable":true,"href":"https:\/\/www.ealloora.com\/es\/wp-json\/wp\/v2\/comments?post=1462"}],"version-history":[{"count":2,"href":"https:\/\/www.ealloora.com\/es\/wp-json\/wp\/v2\/pages\/1462\/revisions"}],"predecessor-version":[{"id":6244,"href":"https:\/\/www.ealloora.com\/es\/wp-json\/wp\/v2\/pages\/1462\/revisions\/6244"}],"wp:attachment":[{"href":"https:\/\/www.ealloora.com\/es\/wp-json\/wp\/v2\/media?parent=1462"}],"curies":[{"name":"wp","href":"https:\/\/api.w.org\/{rel}","templated":true}]}}